{"id":100,"date":"2024-01-01T18:18:49","date_gmt":"2024-01-01T17:18:49","guid":{"rendered":"http:\/\/www.ejam.be\/index.php\/our-story\/"},"modified":"2026-01-06T01:48:10","modified_gmt":"2026-01-06T00:48:10","slug":"a-propos","status":"publish","type":"page","link":"https:\/\/www.ejam.be\/index.php\/a-propos\/","title":{"rendered":"A propos"},"content":{"rendered":"\t\t<div data-elementor-type=\"wp-page\" data-elementor-id=\"100\" class=\"elementor elementor-100\" data-elementor-post-type=\"page\">\n\t\t\t\t<div class=\"elementor-element elementor-element-47a8853c e-con-full e-flex e-con e-parent\" data-id=\"47a8853c\" data-element_type=\"container\">\n\t\t<div class=\"elementor-element elementor-element-8734fb e-con-full e-flex e-con e-child\" data-id=\"8734fb\" data-element_type=\"container\">\n\t\t\t\t<div class=\"elementor-element elementor-element-8ba3d6f elementor-widget elementor-widget-spacer\" data-id=\"8ba3d6f\" data-element_type=\"widget\" data-widget_type=\"spacer.default\">\n\t\t\t\t<div class=\"elementor-widget-container\">\n\t\t\t\t\t\t\t<div class=\"elementor-spacer\">\n\t\t\t<div class=\"elementor-spacer-inner\"><\/div>\n\t\t<\/div>\n\t\t\t\t\t\t<\/div>\n\t\t\t\t<\/div>\n\t\t\t\t<div class=\"elementor-element elementor-element-3fd0410 elementor-widget elementor-widget-heading\" data-id=\"3fd0410\" data-element_type=\"widget\" data-widget_type=\"heading.default\">\n\t\t\t\t<div class=\"elementor-widget-container\">\n\t\t\t\t\t<h1 class=\"elementor-heading-title elementor-size-default\">\u00c0 propos<\/h1>\t\t\t\t<\/div>\n\t\t\t\t<\/div>\n\t\t\t\t<div class=\"elementor-element elementor-element-e84c6e0 elementor-widget elementor-widget-spacer\" data-id=\"e84c6e0\" data-element_type=\"widget\" data-widget_type=\"spacer.default\">\n\t\t\t\t<div class=\"elementor-widget-container\">\n\t\t\t\t\t\t\t<div class=\"elementor-spacer\">\n\t\t\t<div class=\"elementor-spacer-inner\"><\/div>\n\t\t<\/div>\n\t\t\t\t\t\t<\/div>\n\t\t\t\t<\/div>\n\t\t\t\t<div class=\"elementor-element elementor-element-662ba29b elementor-invisible elementor-widget elementor-widget-text-editor\" data-id=\"662ba29b\" data-element_type=\"widget\" data-settings=\"{&quot;_animation&quot;:&quot;fadeIn&quot;,&quot;_animation_delay&quot;:400}\" data-widget_type=\"text-editor.default\">\n\t\t\t\t<div class=\"elementor-widget-container\">\n\t\t\t\t\t\t\t\t\t<div><p style=\"text-align: left;\">Mon nom est Eric Jaminet. Dipl\u00f4m\u00e9 de la Haute Ecole Libre de Bruxelles en Techniques de l&#8217;image, j&#8217;exerce l&#8217;activit\u00e9 de vid\u00e9aste depuis dix ans &#8211; je suis \u00e0 la fois cam\u00e9raman et monteur &#8211; en parall\u00e8le d&#8217;autres activit\u00e9s aussi li\u00e9es \u00e0 l&#8217;audiovisuel, que j&#8217;affectionne tout autant.<\/p><p style=\"text-align: left;\">J&#8217;ai d\u00e9velopp\u00e9 mon savoir-faire au fil des ans et ai collabor\u00e9 avec diff\u00e9rents partenaires et clients pour cr\u00e9er des vid\u00e9os vari\u00e9es et dynamiques, allant des aftermovies d&#8217;\u00e9v\u00e9nements, aux vid\u00e9os promotionnelles d&#8217;entreprises, en passant par les vid\u00e9os musicales.\u00a0<\/p><\/div><p style=\"text-align: left;\">Si vous avez un projet de vid\u00e9o en t\u00eate et vous cherchez un vid\u00e9aste cr\u00e9atif et polyvalent, n&#8217;h\u00e9sitez pas \u00e0 me contacter. Nous pourrons en discuter ensemble et trouver la meilleure fa\u00e7on de le r\u00e9aliser.<\/p><div class=\"btn-bubble-icon\">\u00a0<\/div>\t\t\t\t\t\t\t\t<\/div>\n\t\t\t\t<\/div>\n\t\t\t\t<\/div>\n\t\t\t\t<\/div>\n\t\t<div class=\"elementor-element elementor-element-445cb86 e-flex e-con-boxed e-con e-parent\" data-id=\"445cb86\" data-element_type=\"container\">\n\t\t\t\t\t<div class=\"e-con-inner\">\n\t\t\t\t\t<\/div>\n\t\t\t\t<\/div>\n\t\t\t\t<\/div>\n\t\t","protected":false},"excerpt":{"rendered":"<p>\u00c0 propos Mon nom est Eric Jaminet. Dipl\u00f4m\u00e9 de la Haute Ecole Libre de Bruxelles en Techniques de l&#8217;image, j&#8217;exerce l&#8217;activit\u00e9 de vid\u00e9aste depuis dix ans &#8211; je suis \u00e0 la fois cam\u00e9raman et monteur &#8211; en parall\u00e8le d&#8217;autres activit\u00e9s aussi li\u00e9es \u00e0 l&#8217;audiovisuel, que j&#8217;affectionne tout autant. J&#8217;ai d\u00e9velopp\u00e9 mon savoir-faire au fil des [&hellip;]<\/p>\n","protected":false},"author":1,"featured_media":0,"parent":0,"menu_order":0,"comment_status":"closed","ping_status":"closed","template":"elementor_header_footer","meta":{"footnotes":""},"class_list":["post-100","page","type-page","status-publish","hentry"],"_links":{"self":[{"href":"https:\/\/www.ejam.be\/index.php\/wp-json\/wp\/v2\/pages\/100","targetHints":{"allow":["GET"]}}],"collection":[{"href":"https:\/\/www.ejam.be\/index.php\/wp-json\/wp\/v2\/pages"}],"about":[{"href":"https:\/\/www.ejam.be\/index.php\/wp-json\/wp\/v2\/types\/page"}],"author":[{"embeddable":true,"href":"https:\/\/www.ejam.be\/index.php\/wp-json\/wp\/v2\/users\/1"}],"replies":[{"embeddable":true,"href":"https:\/\/www.ejam.be\/index.php\/wp-json\/wp\/v2\/comments?post=100"}],"version-history":[{"count":35,"href":"https:\/\/www.ejam.be\/index.php\/wp-json\/wp\/v2\/pages\/100\/revisions"}],"predecessor-version":[{"id":698,"href":"https:\/\/www.ejam.be\/index.php\/wp-json\/wp\/v2\/pages\/100\/revisions\/698"}],"wp:attachment":[{"href":"https:\/\/www.ejam.be\/index.php\/wp-json\/wp\/v2\/media?parent=100"}],"curies":[{"name":"wp","href":"https:\/\/api.w.org\/{rel}","templated":true}]}}